{"id":57,"date":"2025-03-05T22:48:20","date_gmt":"2025-03-05T22:48:20","guid":{"rendered":"https:\/\/cursosgeniales.com\/?page_id=57"},"modified":"2025-08-18T17:46:14","modified_gmt":"2025-08-18T17:46:14","slug":"sobre-nosotros","status":"publish","type":"page","link":"https:\/\/cursosgeniales.com\/pt\/sobre-nosotros\/","title":{"rendered":"Sobre n\u00f3s"},"content":{"rendered":"<h3 class=\"wp-block-heading\">Descubra o caminho para o seu sucesso profissional!<\/h3>\n\n\n\n<p>Em <strong>Cursos incr\u00edveis<\/strong>Acreditamos que aprender novas habilidades e encontrar oportunidades de emprego deve ser um processo acess\u00edvel, pr\u00e1tico e eficiente. Seja para progredir na carreira, mudar de \u00e1rea ou encontrar novas fontes de renda, nossa miss\u00e3o \u00e9 conectar voc\u00ea ao conhecimento e \u00e0s melhores oportunidades do mercado.<\/p>\n\n\n\n<p>Entendemos que cada pessoa tem objetivos e desafios diferentes quando se trata de aprendizado e crescimento profissional. Por isso, oferecemos cursos din\u00e2micos, informa\u00e7\u00f5es valiosas e recursos pr\u00e1ticos para ajud\u00e1-lo(a) a alcan\u00e7ar seus objetivos.<\/p>\n\n\n\n<p>Aqui voc\u00ea encontrar\u00e1 de tudo, desde cursos gratuitos para desenvolver habilidades essenciais at\u00e9 programas mais avan\u00e7ados, al\u00e9m de conex\u00f5es diretas com oportunidades de emprego e trabalho freelance. Tudo isso com transpar\u00eancia, flexibilidade e suporte para ajud\u00e1-lo(a) a tomar as melhores decis\u00f5es para o seu futuro.<\/p>\n\n\n\n<h3 class=\"wp-block-heading\">Quem somos n\u00f3s?<\/h3>\n\n\n\n<p><strong>Cursos incr\u00edveis<\/strong> \u00c9 uma plataforma dedicada a transformar vidas atrav\u00e9s da educa\u00e7\u00e3o e da conex\u00e3o com o mercado de trabalho. Nossa equipe \u00e9 formada por especialistas apaixonados por ensino e desenvolvimento profissional, sempre em busca das melhores solu\u00e7\u00f5es para quem deseja progredir na carreira sem dificuldades.<\/p>\n\n\n\n<p>Nosso compromisso vai al\u00e9m de oferecer cursos de qualidade. Queremos garantir que cada aluno e profissional encontre o apoio necess\u00e1rio para construir uma trajet\u00f3ria s\u00f3lida, seja por meio do aprendizado ou buscando novas oportunidades de carreira.<\/p>\n\n\n\n<h3 class=\"wp-block-heading\">Sua opini\u00e3o \u00e9 muito importante!<\/h3>\n\n\n\n<p>Nosso objetivo \u00e9 proporcionar a melhor experi\u00eancia poss\u00edvel. Se voc\u00ea tiver alguma sugest\u00e3o, d\u00favida ou quiser compartilhar sua experi\u00eancia conosco, n\u00e3o hesite em nos contatar. Valorizamos sua opini\u00e3o e estamos sempre inovando para oferecer ainda mais conhecimento e oportunidades para o seu crescimento profissional.<\/p>","protected":false},"excerpt":{"rendered":"<p>Descubra o caminho para o seu sucesso profissional! Na Great Courses, acreditamos que aprender novas habilidades e encontrar oportunidades de emprego deve ser um processo acess\u00edvel, pr\u00e1tico e eficiente. Seja para impulsionar sua carreira, mudar de \u00e1rea ou encontrar novas fontes de renda, nossa miss\u00e3o \u00e9 conectar voc\u00ea ao conhecimento e \u00e0s melhores oportunidades [\u2026]<\/p>","protected":false},"author":145,"featured_media":0,"parent":0,"menu_order":0,"comment_status":"closed","ping_status":"closed","template":"page-nosidebar.php","meta":{"footnotes":""},"yoast_head":"<!-- This site is optimized with the Yoast SEO plugin v23.3 - https:\/\/yoast.com\/wordpress\/plugins\/seo\/ -->\n<title>Sobre Nosotros - Cursos Geniales<\/title>\n<meta name=\"robots\" content=\"index, follow, max-snippet:-1, max-image-preview:large, max-video-preview:-1\" \/>\n<link rel=\"canonical\" href=\"https:\/\/cursosgeniales.com\/pt\/sobre-nosotros\/\" \/>\n<meta property=\"og:locale\" content=\"pt_BR\" \/>\n<meta property=\"og:type\" content=\"article\" \/>\n<meta property=\"og:title\" content=\"Sobre Nosotros - Cursos Geniales\" \/>\n<meta property=\"og:description\" content=\"\u00a1Descubre el Camino hacia tu \u00c9xito Profesional! En Cursos Geniales, creemos que aprender nuevas habilidades y encontrar oportunidades de trabajo debe ser un proceso accesible, pr\u00e1ctico y eficiente. Ya sea que quieras impulsar tu carrera, cambiar de \u00e1rea o encontrar nuevas fuentes de ingresos, nuestra misi\u00f3n es conectarte con el conocimiento y las mejores oportunidades [&hellip;]\" \/>\n<meta property=\"og:url\" content=\"https:\/\/cursosgeniales.com\/pt\/sobre-nosotros\/\" \/>\n<meta property=\"og:site_name\" content=\"Cursos Geniales\" \/>\n<meta property=\"article:modified_time\" content=\"2025-08-18T17:46:14+00:00\" \/>\n<meta name=\"twitter:card\" content=\"summary_large_image\" \/>\n<meta name=\"twitter:label1\" content=\"Est. reading time\" \/>\n\t<meta name=\"twitter:data1\" content=\"2 minutos\" \/>\n<script type=\"application\/ld+json\" class=\"yoast-schema-graph\">{\"@context\":\"https:\/\/schema.org\",\"@graph\":[{\"@type\":\"WebPage\",\"@id\":\"https:\/\/cursosgeniales.com\/sobre-nosotros\/\",\"url\":\"https:\/\/cursosgeniales.com\/sobre-nosotros\/\",\"name\":\"Sobre Nosotros - Cursos Geniales\",\"isPartOf\":{\"@id\":\"https:\/\/cursosgeniales.com\/#website\"},\"datePublished\":\"2025-03-05T22:48:20+00:00\",\"dateModified\":\"2025-08-18T17:46:14+00:00\",\"breadcrumb\":{\"@id\":\"https:\/\/cursosgeniales.com\/sobre-nosotros\/#breadcrumb\"},\"inLanguage\":\"pt-BR\",\"potentialAction\":[{\"@type\":\"ReadAction\",\"target\":[\"https:\/\/cursosgeniales.com\/sobre-nosotros\/\"]}]},{\"@type\":\"BreadcrumbList\",\"@id\":\"https:\/\/cursosgeniales.com\/sobre-nosotros\/#breadcrumb\",\"itemListElement\":[{\"@type\":\"ListItem\",\"position\":1,\"name\":\"Home\",\"item\":\"https:\/\/cursosgeniales.com\/\"},{\"@type\":\"ListItem\",\"position\":2,\"name\":\"Sobre Nosotros\"}]},{\"@type\":\"WebSite\",\"@id\":\"https:\/\/cursosgeniales.com\/#website\",\"url\":\"https:\/\/cursosgeniales.com\/\",\"name\":\"Cursos Geniales\",\"description\":\"\",\"potentialAction\":[{\"@type\":\"SearchAction\",\"target\":{\"@type\":\"EntryPoint\",\"urlTemplate\":\"https:\/\/cursosgeniales.com\/?s={search_term_string}\"},\"query-input\":\"required name=search_term_string\"}],\"inLanguage\":\"pt-BR\"}]}<\/script>\n<!-- \/ Yoast SEO plugin. -->","yoast_head_json":{"title":"Sobre Nosotros - Cursos Geniales","robots":{"index":"index","follow":"follow","max-snippet":"max-snippet:-1","max-image-preview":"max-image-preview:large","max-video-preview":"max-video-preview:-1"},"canonical":"https:\/\/cursosgeniales.com\/pt\/sobre-nosotros\/","og_locale":"pt_BR","og_type":"article","og_title":"Sobre Nosotros - Cursos Geniales","og_description":"\u00a1Descubre el Camino hacia tu \u00c9xito Profesional! En Cursos Geniales, creemos que aprender nuevas habilidades y encontrar oportunidades de trabajo debe ser un proceso accesible, pr\u00e1ctico y eficiente. Ya sea que quieras impulsar tu carrera, cambiar de \u00e1rea o encontrar nuevas fuentes de ingresos, nuestra misi\u00f3n es conectarte con el conocimiento y las mejores oportunidades [&hellip;]","og_url":"https:\/\/cursosgeniales.com\/pt\/sobre-nosotros\/","og_site_name":"Cursos Geniales","article_modified_time":"2025-08-18T17:46:14+00:00","twitter_card":"summary_large_image","twitter_misc":{"Est. reading time":"2 minutos"},"schema":{"@context":"https:\/\/schema.org","@graph":[{"@type":"WebPage","@id":"https:\/\/cursosgeniales.com\/sobre-nosotros\/","url":"https:\/\/cursosgeniales.com\/sobre-nosotros\/","name":"Sobre Nosotros - Cursos Geniales","isPartOf":{"@id":"https:\/\/cursosgeniales.com\/#website"},"datePublished":"2025-03-05T22:48:20+00:00","dateModified":"2025-08-18T17:46:14+00:00","breadcrumb":{"@id":"https:\/\/cursosgeniales.com\/sobre-nosotros\/#breadcrumb"},"inLanguage":"pt-BR","potentialAction":[{"@type":"ReadAction","target":["https:\/\/cursosgeniales.com\/sobre-nosotros\/"]}]},{"@type":"BreadcrumbList","@id":"https:\/\/cursosgeniales.com\/sobre-nosotros\/#breadcrumb","itemListElement":[{"@type":"ListItem","position":1,"name":"Home","item":"https:\/\/cursosgeniales.com\/"},{"@type":"ListItem","position":2,"name":"Sobre Nosotros"}]},{"@type":"WebSite","@id":"https:\/\/cursosgeniales.com\/#website","url":"https:\/\/cursosgeniales.com\/","name":"Cursos Geniales","description":"","potentialAction":[{"@type":"SearchAction","target":{"@type":"EntryPoint","urlTemplate":"https:\/\/cursosgeniales.com\/?s={search_term_string}"},"query-input":"required name=search_term_string"}],"inLanguage":"pt-BR"}]}},"_links":{"self":[{"href":"https:\/\/cursosgeniales.com\/pt\/wp-json\/wp\/v2\/pages\/57"}],"collection":[{"href":"https:\/\/cursosgeniales.com\/pt\/wp-json\/wp\/v2\/pages"}],"about":[{"href":"https:\/\/cursosgeniales.com\/pt\/wp-json\/wp\/v2\/types\/page"}],"author":[{"embeddable":true,"href":"https:\/\/cursosgeniales.com\/pt\/wp-json\/wp\/v2\/users\/145"}],"replies":[{"embeddable":true,"href":"https:\/\/cursosgeniales.com\/pt\/wp-json\/wp\/v2\/comments?post=57"}],"version-history":[{"count":2,"href":"https:\/\/cursosgeniales.com\/pt\/wp-json\/wp\/v2\/pages\/57\/revisions"}],"predecessor-version":[{"id":103,"href":"https:\/\/cursosgeniales.com\/pt\/wp-json\/wp\/v2\/pages\/57\/revisions\/103"}],"wp:attachment":[{"href":"https:\/\/cursosgeniales.com\/pt\/wp-json\/wp\/v2\/media?parent=57"}],"curies":[{"name":"wp","href":"https:\/\/api.w.org\/{rel}","templated":true}]}}