{"id":57,"date":"2025-03-05T22:48:20","date_gmt":"2025-03-05T22:48:20","guid":{"rendered":"https:\/\/cursosgeniales.com\/?page_id=57"},"modified":"2025-08-18T17:46:14","modified_gmt":"2025-08-18T17:46:14","slug":"sobre-nosotros","status":"publish","type":"page","link":"https:\/\/cursosgeniales.com\/ja\/sobre-nosotros\/","title":{"rendered":"\u79c1\u305f\u3061\u306b\u3064\u3044\u3066"},"content":{"rendered":"<h3 class=\"wp-block-heading\">\u30d7\u30ed\u3068\u3057\u3066\u306e\u6210\u529f\u3078\u306e\u9053\u3092\u898b\u3064\u3051\u307e\u3057\u3087\u3046\uff01<\/h3>\n\n\n\n<p>\u3067 <strong>\u7d20\u6674\u3089\u3057\u3044\u30b3\u30fc\u30b9<\/strong>\u79c1\u305f\u3061\u306f\u3001\u65b0\u3057\u3044\u30b9\u30ad\u30eb\u306e\u7fd2\u5f97\u3068\u4ed5\u4e8b\u63a2\u3057\u306f\u3001\u30a2\u30af\u30bb\u30b9\u3057\u3084\u3059\u304f\u3001\u5b9f\u7528\u7684\u3067\u3001\u52b9\u7387\u7684\u306a\u30d7\u30ed\u30bb\u30b9\u3067\u3042\u308b\u3079\u304d\u3060\u3068\u8003\u3048\u3066\u3044\u307e\u3059\u3002\u30ad\u30e3\u30ea\u30a2\u30a2\u30c3\u30d7\u3001\u696d\u754c\u5909\u66f4\u3001\u3042\u308b\u3044\u306f\u65b0\u305f\u306a\u53ce\u5165\u6e90\u306e\u958b\u62d3\u306a\u3069\u3001\u3069\u3093\u306a\u5e0c\u671b\u3092\u304a\u6301\u3061\u306e\u65b9\u3067\u3082\u3001\u79c1\u305f\u3061\u306e\u4f7f\u547d\u306f\u3001\u5e02\u5834\u306b\u304a\u3051\u308b\u77e5\u8b58\u3068\u6700\u826f\u306e\u6a5f\u4f1a\u3092\u7686\u69d8\u306b\u304a\u5c4a\u3051\u3059\u308b\u3053\u3068\u3067\u3059\u3002<\/p>\n\n\n\n<p>\u5b66\u7fd2\u3068\u30ad\u30e3\u30ea\u30a2\u30a2\u30c3\u30d7\u306b\u304a\u3044\u3066\u3001\u8ab0\u3082\u304c\u7570\u306a\u308b\u76ee\u6a19\u3068\u8ab2\u984c\u3092\u62b1\u3048\u3066\u3044\u308b\u3053\u3068\u3092\u7406\u89e3\u3057\u3066\u3044\u307e\u3059\u3002\u3060\u304b\u3089\u3053\u305d\u3001\u79c1\u305f\u3061\u306f\u3001\u7686\u69d8\u306e\u76ee\u6a19\u9054\u6210\u3092\u652f\u63f4\u3059\u308b\u305f\u3081\u306b\u3001\u30c0\u30a4\u30ca\u30df\u30c3\u30af\u306a\u30b3\u30fc\u30b9\u3001\u4fa1\u5024\u3042\u308b\u60c5\u5831\u3001\u305d\u3057\u3066\u5b9f\u8df5\u7684\u306a\u30ea\u30bd\u30fc\u30b9\u3092\u63d0\u4f9b\u3057\u3066\u3044\u307e\u3059\u3002<\/p>\n\n\n\n<p>\u3053\u3053\u3067\u306f\u3001\u5fc5\u9808\u30b9\u30ad\u30eb\u3092\u7fd2\u5f97\u3059\u308b\u305f\u3081\u306e\u7121\u6599\u30b3\u30fc\u30b9\u304b\u3089\u3001\u3088\u308a\u9ad8\u5ea6\u306a\u30d7\u30ed\u30b0\u30e9\u30e0\u3001\u305d\u3057\u3066\u4ed5\u4e8b\u3084\u30d5\u30ea\u30fc\u30e9\u30f3\u30b9\u306e\u30c1\u30e3\u30f3\u30b9\u3078\u306e\u76f4\u63a5\u7684\u306a\u3064\u306a\u304c\u308a\u307e\u3067\u3001\u3042\u3089\u3086\u308b\u3082\u306e\u304c\u898b\u3064\u304b\u308a\u307e\u3059\u3002\u3053\u308c\u3089\u3059\u3079\u3066\u304c\u900f\u660e\u6027\u3001\u67d4\u8edf\u6027\u3001\u305d\u3057\u3066\u3042\u306a\u305f\u306e\u5c06\u6765\u306b\u3068\u3063\u3066\u6700\u826f\u306e\u6c7a\u65ad\u3092\u4e0b\u3059\u305f\u3081\u306e\u30b5\u30dd\u30fc\u30c8\u306b\u3088\u3063\u3066\u5b9f\u73fe\u3057\u307e\u3059\u3002<\/p>\n\n\n\n<h3 class=\"wp-block-heading\">\u79c1\u305f\u3061\u306f\u8ab0\u3067\u3059\u304b\uff1f<\/h3>\n\n\n\n<p><strong>\u7d20\u6674\u3089\u3057\u3044\u30b3\u30fc\u30b9<\/strong> \u6559\u80b2\u3092\u901a\u3057\u3066\u4eba\u751f\u3092\u5909\u3048\u3001\u96c7\u7528\u5e02\u5834\u3068\u306e\u7e4b\u304c\u308a\u3092\u7bc9\u304f\u3053\u3068\u306b\u7279\u5316\u3057\u305f\u30d7\u30e9\u30c3\u30c8\u30d5\u30a9\u30fc\u30e0\u3067\u3059\u3002\u79c1\u305f\u3061\u306e\u30c1\u30fc\u30e0\u306f\u3001\u6559\u80b2\u3068\u5c02\u9580\u80fd\u529b\u958b\u767a\u306b\u60c5\u71b1\u3092\u6ce8\u3050\u30b9\u30da\u30b7\u30e3\u30ea\u30b9\u30c8\u3067\u69cb\u6210\u3055\u308c\u3066\u304a\u308a\u3001\u30b9\u30e0\u30fc\u30ba\u306a\u30ad\u30e3\u30ea\u30a2\u30a2\u30c3\u30d7\u3092\u76ee\u6307\u3059\u4eba\u3005\u306b\u3068\u3063\u3066\u6700\u9069\u306a\u30bd\u30ea\u30e5\u30fc\u30b7\u30e7\u30f3\u3092\u5e38\u306b\u6a21\u7d22\u3057\u3066\u3044\u307e\u3059\u3002<\/p>\n\n\n\n<p>\u79c1\u305f\u3061\u306e\u30b3\u30df\u30c3\u30c8\u30e1\u30f3\u30c8\u306f\u3001\u8cea\u306e\u9ad8\u3044\u30b3\u30fc\u30b9\u306e\u63d0\u4f9b\u3060\u3051\u306b\u3068\u3069\u307e\u308a\u307e\u305b\u3093\u3002\u5b66\u7fd2\u3092\u901a\u3057\u3066\u3067\u3042\u308c\u3001\u65b0\u305f\u306a\u30ad\u30e3\u30ea\u30a2\u306e\u6a5f\u4f1a\u3092\u8ffd\u6c42\u3059\u308b\u3053\u3068\u3067\u3042\u308c\u3001\u3059\u3079\u3066\u306e\u5b66\u751f\u3068\u5c02\u9580\u5bb6\u304c\u78ba\u56fa\u305f\u308b\u9053\u3092\u7bc9\u304f\u305f\u3081\u306b\u5fc5\u8981\u306a\u30b5\u30dd\u30fc\u30c8\u3092\u78ba\u5b9f\u306b\u53d7\u3051\u3089\u308c\u308b\u3088\u3046\u306b\u3057\u305f\u3044\u3068\u8003\u3048\u3066\u3044\u307e\u3059\u3002<\/p>\n\n\n\n<h3 class=\"wp-block-heading\">\u3042\u306a\u305f\u306e\u610f\u898b\u306f\u3068\u3066\u3082\u91cd\u8981\u3067\u3059\uff01<\/h3>\n\n\n\n<p>\u79c1\u305f\u3061\u306e\u76ee\u6a19\u306f\u3001\u7686\u69d8\u306b\u6700\u9ad8\u306e\u4f53\u9a13\u3092\u63d0\u4f9b\u3059\u308b\u3053\u3068\u3067\u3059\u3002\u3054\u63d0\u6848\u3001\u3054\u8cea\u554f\u3001\u3042\u308b\u3044\u306f\u3054\u4f53\u9a13\u3092\u5171\u6709\u3057\u3066\u3044\u305f\u3060\u3051\u308b\u5834\u5408\u306f\u3001\u304a\u6c17\u8efd\u306b\u304a\u554f\u3044\u5408\u308f\u305b\u304f\u3060\u3055\u3044\u3002\u79c1\u305f\u3061\u306f\u7686\u69d8\u306e\u3054\u610f\u898b\u3092\u5927\u5207\u306b\u3057\u3001\u7686\u69d8\u306e\u30ad\u30e3\u30ea\u30a2\u30a2\u30c3\u30d7\u306b\u5f79\u7acb\u3064\u77e5\u8b58\u3068\u6a5f\u4f1a\u3092\u3055\u3089\u306b\u591a\u304f\u63d0\u4f9b\u3067\u304d\u308b\u3088\u3046\u3001\u5e38\u306b\u9769\u65b0\u3092\u7d9a\u3051\u3066\u3044\u307e\u3059\u3002<\/p>","protected":false},"excerpt":{"rendered":"<p>\u30d7\u30ed\u30d5\u30a7\u30c3\u30b7\u30e7\u30ca\u30eb\u3068\u3057\u3066\u306e\u6210\u529f\u3078\u306e\u9053\u3092\u898b\u3064\u3051\u307e\u3057\u3087\u3046\uff01Great Courses\u3067\u306f\u3001\u65b0\u3057\u3044\u30b9\u30ad\u30eb\u306e\u7fd2\u5f97\u3068\u4ed5\u4e8b\u63a2\u3057\u306f\u3001\u30a2\u30af\u30bb\u30b9\u3057\u3084\u3059\u304f\u3001\u5b9f\u7528\u7684\u3067\u3001\u52b9\u7387\u7684\u306a\u30d7\u30ed\u30bb\u30b9\u3067\u3042\u308b\u3079\u304d\u3060\u3068\u8003\u3048\u3066\u3044\u307e\u3059\u3002\u30ad\u30e3\u30ea\u30a2\u30a2\u30c3\u30d7\u3001\u5206\u91ce\u5909\u66f4\u3001\u65b0\u3057\u3044\u53ce\u5165\u6e90\u306e\u958b\u62d3\u306a\u3069\u3001\u3069\u3093\u306a\u76ee\u6a19\u3092\u304a\u6301\u3061\u306e\u65b9\u3067\u3082\u3001Great Courses\u306e\u4f7f\u547d\u306f\u3001\u5e02\u5834\u3067\u6700\u9ad8\u306e\u77e5\u8b58\u3068\u30c1\u30e3\u30f3\u30b9\u3092\u7686\u69d8\u306b\u304a\u5c4a\u3051\u3059\u308b\u3053\u3068\u3067\u3059\u3002\u5b66\u7fd2\u3068\u30ad\u30e3\u30ea\u30a2\u30a2\u30c3\u30d7\u306b\u304a\u3044\u3066\u3001\u76ee\u6a19\u3084\u8ab2\u984c\u306f\u4eba\u305d\u308c\u305e\u308c\u7570\u306a\u308b\u3053\u3068\u3092\u7406\u89e3\u3057\u3066\u3044\u307e\u3059\u3002\u3060\u304b\u3089\u3053\u305d\u3001\u7686\u69d8\u306e\u76ee\u6a19\u9054\u6210\u3092\u652f\u63f4\u3059\u308b\u3001\u30c0\u30a4\u30ca\u30df\u30c3\u30af\u306a\u30b3\u30fc\u30b9\u3001\u4fa1\u5024\u3042\u308b\u60c5\u5831\u3001\u305d\u3057\u3066\u5b9f\u8df5\u7684\u306a\u30ea\u30bd\u30fc\u30b9\u3092\u3054\u63d0\u4f9b\u3057\u3066\u3044\u307e\u3059\u3002\u3053\u3053\u3067\u306f\u3001\u5fc5\u9808\u30b9\u30ad\u30eb\u3092\u7fd2\u5f97\u3059\u308b\u305f\u3081\u306e\u7121\u6599\u30b3\u30fc\u30b9\u304b\u3089\u3001\u3088\u308a\u9ad8\u5ea6\u306a\u30d7\u30ed\u30b0\u30e9\u30e0\u3001\u305d\u3057\u3066\u69d8\u3005\u306a\u5206\u91ce\u3067\u306e\u30c1\u30e3\u30f3\u30b9\u3078\u306e\u76f4\u63a5\u7684\u306a\u3064\u306a\u304c\u308a\u307e\u3067\u3001\u3042\u3089\u3086\u308b\u3082\u306e\u3092\u898b\u3064\u3051\u308b\u3053\u3068\u304c\u3067\u304d\u307e\u3059\u3002[\u2026]<\/p>","protected":false},"author":145,"featured_media":0,"parent":0,"menu_order":0,"comment_status":"closed","ping_status":"closed","template":"page-nosidebar.php","meta":{"footnotes":""},"yoast_head":"<!-- This site is optimized with the Yoast SEO plugin v23.3 - https:\/\/yoast.com\/wordpress\/plugins\/seo\/ -->\n<title>Sobre Nosotros - Cursos Geniales<\/title>\n<meta name=\"robots\" content=\"index, follow, max-snippet:-1, max-image-preview:large, max-video-preview:-1\" \/>\n<link rel=\"canonical\" href=\"https:\/\/cursosgeniales.com\/ja\/sobre-nosotros\/\" \/>\n<meta property=\"og:locale\" content=\"ja_JP\" \/>\n<meta property=\"og:type\" content=\"article\" \/>\n<meta property=\"og:title\" content=\"Sobre Nosotros - Cursos Geniales\" \/>\n<meta property=\"og:description\" content=\"\u00a1Descubre el Camino hacia tu \u00c9xito Profesional! En Cursos Geniales, creemos que aprender nuevas habilidades y encontrar oportunidades de trabajo debe ser un proceso accesible, pr\u00e1ctico y eficiente. Ya sea que quieras impulsar tu carrera, cambiar de \u00e1rea o encontrar nuevas fuentes de ingresos, nuestra misi\u00f3n es conectarte con el conocimiento y las mejores oportunidades del mercado. Entendemos que cada persona tiene objetivos y desaf\u00edos diferentes cuando se trata de aprendizaje y crecimiento profesional. Por eso, ofrecemos cursos din\u00e1micos, informaci\u00f3n valiosa y recursos pr\u00e1cticos para ayudarte a alcanzar tus metas. Aqu\u00ed encontrar\u00e1s desde cursos gratuitos para desarrollar habilidades esenciales hasta programas m\u00e1s avanzados, adem\u00e1s de conexiones directas con oportunidades de [&hellip;]\" \/>\n<meta property=\"og:url\" content=\"https:\/\/cursosgeniales.com\/ja\/sobre-nosotros\/\" \/>\n<meta property=\"og:site_name\" content=\"Cursos Geniales\" \/>\n<meta property=\"article:modified_time\" content=\"2025-08-18T17:46:14+00:00\" \/>\n<meta name=\"twitter:card\" content=\"summary_large_image\" \/>\n<meta name=\"twitter:label1\" content=\"Est. reading time\" \/>\n\t<meta name=\"twitter:data1\" content=\"2\u5206\" \/>\n<script type=\"application\/ld+json\" class=\"yoast-schema-graph\">{\"@context\":\"https:\/\/schema.org\",\"@graph\":[{\"@type\":\"WebPage\",\"@id\":\"https:\/\/cursosgeniales.com\/sobre-nosotros\/\",\"url\":\"https:\/\/cursosgeniales.com\/sobre-nosotros\/\",\"name\":\"Sobre Nosotros - Cursos Geniales\",\"isPartOf\":{\"@id\":\"https:\/\/cursosgeniales.com\/#website\"},\"datePublished\":\"2025-03-05T22:48:20+00:00\",\"dateModified\":\"2025-08-18T17:46:14+00:00\",\"breadcrumb\":{\"@id\":\"https:\/\/cursosgeniales.com\/sobre-nosotros\/#breadcrumb\"},\"inLanguage\":\"ja\",\"potentialAction\":[{\"@type\":\"ReadAction\",\"target\":[\"https:\/\/cursosgeniales.com\/sobre-nosotros\/\"]}]},{\"@type\":\"BreadcrumbList\",\"@id\":\"https:\/\/cursosgeniales.com\/sobre-nosotros\/#breadcrumb\",\"itemListElement\":[{\"@type\":\"ListItem\",\"position\":1,\"name\":\"Home\",\"item\":\"https:\/\/cursosgeniales.com\/\"},{\"@type\":\"ListItem\",\"position\":2,\"name\":\"Sobre Nosotros\"}]},{\"@type\":\"WebSite\",\"@id\":\"https:\/\/cursosgeniales.com\/#website\",\"url\":\"https:\/\/cursosgeniales.com\/\",\"name\":\"Cursos Geniales\",\"description\":\"\",\"potentialAction\":[{\"@type\":\"SearchAction\",\"target\":{\"@type\":\"EntryPoint\",\"urlTemplate\":\"https:\/\/cursosgeniales.com\/?s={search_term_string}\"},\"query-input\":\"required name=search_term_string\"}],\"inLanguage\":\"ja\"}]}<\/script>\n<!-- \/ Yoast SEO plugin. -->","yoast_head_json":{"title":"Sobre Nosotros - Cursos Geniales","robots":{"index":"index","follow":"follow","max-snippet":"max-snippet:-1","max-image-preview":"max-image-preview:large","max-video-preview":"max-video-preview:-1"},"canonical":"https:\/\/cursosgeniales.com\/ja\/sobre-nosotros\/","og_locale":"ja_JP","og_type":"article","og_title":"Sobre Nosotros - Cursos Geniales","og_description":"\u00a1Descubre el Camino hacia tu \u00c9xito Profesional! En Cursos Geniales, creemos que aprender nuevas habilidades y encontrar oportunidades de trabajo debe ser un proceso accesible, pr\u00e1ctico y eficiente. Ya sea que quieras impulsar tu carrera, cambiar de \u00e1rea o encontrar nuevas fuentes de ingresos, nuestra misi\u00f3n es conectarte con el conocimiento y las mejores oportunidades del mercado. Entendemos que cada persona tiene objetivos y desaf\u00edos diferentes cuando se trata de aprendizaje y crecimiento profesional. Por eso, ofrecemos cursos din\u00e1micos, informaci\u00f3n valiosa y recursos pr\u00e1cticos para ayudarte a alcanzar tus metas. Aqu\u00ed encontrar\u00e1s desde cursos gratuitos para desarrollar habilidades esenciales hasta programas m\u00e1s avanzados, adem\u00e1s de conexiones directas con oportunidades de [&hellip;]","og_url":"https:\/\/cursosgeniales.com\/ja\/sobre-nosotros\/","og_site_name":"Cursos Geniales","article_modified_time":"2025-08-18T17:46:14+00:00","twitter_card":"summary_large_image","twitter_misc":{"Est. reading time":"2\u5206"},"schema":{"@context":"https:\/\/schema.org","@graph":[{"@type":"WebPage","@id":"https:\/\/cursosgeniales.com\/sobre-nosotros\/","url":"https:\/\/cursosgeniales.com\/sobre-nosotros\/","name":"Sobre Nosotros - Cursos Geniales","isPartOf":{"@id":"https:\/\/cursosgeniales.com\/#website"},"datePublished":"2025-03-05T22:48:20+00:00","dateModified":"2025-08-18T17:46:14+00:00","breadcrumb":{"@id":"https:\/\/cursosgeniales.com\/sobre-nosotros\/#breadcrumb"},"inLanguage":"ja","potentialAction":[{"@type":"ReadAction","target":["https:\/\/cursosgeniales.com\/sobre-nosotros\/"]}]},{"@type":"BreadcrumbList","@id":"https:\/\/cursosgeniales.com\/sobre-nosotros\/#breadcrumb","itemListElement":[{"@type":"ListItem","position":1,"name":"Home","item":"https:\/\/cursosgeniales.com\/"},{"@type":"ListItem","position":2,"name":"Sobre Nosotros"}]},{"@type":"WebSite","@id":"https:\/\/cursosgeniales.com\/#website","url":"https:\/\/cursosgeniales.com\/","name":"Cursos Geniales","description":"","potentialAction":[{"@type":"SearchAction","target":{"@type":"EntryPoint","urlTemplate":"https:\/\/cursosgeniales.com\/?s={search_term_string}"},"query-input":"required name=search_term_string"}],"inLanguage":"ja"}]}},"_links":{"self":[{"href":"https:\/\/cursosgeniales.com\/ja\/wp-json\/wp\/v2\/pages\/57"}],"collection":[{"href":"https:\/\/cursosgeniales.com\/ja\/wp-json\/wp\/v2\/pages"}],"about":[{"href":"https:\/\/cursosgeniales.com\/ja\/wp-json\/wp\/v2\/types\/page"}],"author":[{"embeddable":true,"href":"https:\/\/cursosgeniales.com\/ja\/wp-json\/wp\/v2\/users\/145"}],"replies":[{"embeddable":true,"href":"https:\/\/cursosgeniales.com\/ja\/wp-json\/wp\/v2\/comments?post=57"}],"version-history":[{"count":2,"href":"https:\/\/cursosgeniales.com\/ja\/wp-json\/wp\/v2\/pages\/57\/revisions"}],"predecessor-version":[{"id":103,"href":"https:\/\/cursosgeniales.com\/ja\/wp-json\/wp\/v2\/pages\/57\/revisions\/103"}],"wp:attachment":[{"href":"https:\/\/cursosgeniales.com\/ja\/wp-json\/wp\/v2\/media?parent=57"}],"curies":[{"name":"wp","href":"https:\/\/api.w.org\/{rel}","templated":true}]}}