{"id":57,"date":"2025-03-05T22:48:20","date_gmt":"2025-03-05T22:48:20","guid":{"rendered":"https:\/\/cursosgeniales.com\/?page_id=57"},"modified":"2025-08-18T17:46:14","modified_gmt":"2025-08-18T17:46:14","slug":"sobre-nosotros","status":"publish","type":"page","link":"https:\/\/cursosgeniales.com\/it\/sobre-nosotros\/","title":{"rendered":"Chi siamo"},"content":{"rendered":"<h3 class=\"wp-block-heading\">Scopri il percorso verso il successo professionale!<\/h3>\n\n\n\n<p>In <strong>Ottimi corsi<\/strong>Crediamo che apprendere nuove competenze e trovare opportunit\u00e0 di lavoro debba essere accessibile, pratico ed efficiente. Che tu stia cercando di dare una spinta alla tua carriera, cambiare settore o trovare nuove fonti di reddito, la nostra missione \u00e8 quella di metterti in contatto con la conoscenza e le migliori opportunit\u00e0 sul mercato.<\/p>\n\n\n\n<p>Sappiamo che ognuno ha obiettivi e sfide diversi quando si tratta di apprendimento e crescita professionale. Ecco perch\u00e9 offriamo corsi dinamici, informazioni preziose e risorse pratiche per aiutarti a raggiungere i tuoi obiettivi.<\/p>\n\n\n\n<p>Qui troverai di tutto, dai corsi gratuiti per sviluppare competenze essenziali ai programmi pi\u00f9 avanzati, oltre a contatti diretti con opportunit\u00e0 di lavoro e freelance. Tutto questo con trasparenza, flessibilit\u00e0 e supporto, per permetterti di prendere le decisioni migliori per il tuo futuro.<\/p>\n\n\n\n<h3 class=\"wp-block-heading\">Chi siamo?<\/h3>\n\n\n\n<p><strong>Ottimi corsi<\/strong> \u00e8 una piattaforma dedicata a trasformare la vita attraverso l&#039;istruzione e l&#039;accesso al mercato del lavoro. Il nostro team \u00e8 composto da specialisti appassionati di insegnamento e sviluppo professionale, sempre alla ricerca delle migliori soluzioni per chi desidera avanzare nella propria carriera senza complicazioni.<\/p>\n\n\n\n<p>Il nostro impegno va oltre l&#039;offerta di corsi di qualit\u00e0. Vogliamo garantire che ogni studente e professionista trovi il supporto di cui ha bisogno per costruire un percorso solido, sia attraverso l&#039;apprendimento che attraverso la ricerca di nuove opportunit\u00e0 di carriera.<\/p>\n\n\n\n<h3 class=\"wp-block-heading\">La tua opinione \u00e8 molto importante!<\/h3>\n\n\n\n<p>Il nostro obiettivo \u00e8 offrirti la migliore esperienza possibile. Se hai suggerimenti, domande o desideri condividere la tua esperienza con noi, non esitare a contattarci. Apprezziamo la tua opinione e siamo costantemente impegnati a innovare per offrirti ancora pi\u00f9 conoscenze e opportunit\u00e0 per la tua crescita professionale.<\/p>","protected":false},"excerpt":{"rendered":"<p>Scopri la strada verso il tuo successo professionale! Noi di Great Courses crediamo che apprendere nuove competenze e trovare opportunit\u00e0 di lavoro debba essere un processo accessibile, pratico ed efficiente. Che tu voglia dare una spinta alla tua carriera, cambiare settore o trovare nuove fonti di reddito, la nostra missione \u00e8 quella di metterti in contatto con la conoscenza e le migliori opportunit\u00e0 [\u2026]<\/p>","protected":false},"author":145,"featured_media":0,"parent":0,"menu_order":0,"comment_status":"closed","ping_status":"closed","template":"page-nosidebar.php","meta":{"footnotes":""},"yoast_head":"<!-- This site is optimized with the Yoast SEO plugin v23.3 - https:\/\/yoast.com\/wordpress\/plugins\/seo\/ -->\n<title>Sobre Nosotros - Cursos Geniales<\/title>\n<meta name=\"robots\" content=\"index, follow, max-snippet:-1, max-image-preview:large, max-video-preview:-1\" \/>\n<link rel=\"canonical\" href=\"https:\/\/cursosgeniales.com\/it\/sobre-nosotros\/\" \/>\n<meta property=\"og:locale\" content=\"it_IT\" \/>\n<meta property=\"og:type\" content=\"article\" \/>\n<meta property=\"og:title\" content=\"Sobre Nosotros - Cursos Geniales\" \/>\n<meta property=\"og:description\" content=\"\u00a1Descubre el Camino hacia tu \u00c9xito Profesional! En Cursos Geniales, creemos que aprender nuevas habilidades y encontrar oportunidades de trabajo debe ser un proceso accesible, pr\u00e1ctico y eficiente. Ya sea que quieras impulsar tu carrera, cambiar de \u00e1rea o encontrar nuevas fuentes de ingresos, nuestra misi\u00f3n es conectarte con el conocimiento y las mejores oportunidades [&hellip;]\" \/>\n<meta property=\"og:url\" content=\"https:\/\/cursosgeniales.com\/it\/sobre-nosotros\/\" \/>\n<meta property=\"og:site_name\" content=\"Cursos Geniales\" \/>\n<meta property=\"article:modified_time\" content=\"2025-08-18T17:46:14+00:00\" \/>\n<meta name=\"twitter:card\" content=\"summary_large_image\" \/>\n<meta name=\"twitter:label1\" content=\"Est. reading time\" \/>\n\t<meta name=\"twitter:data1\" content=\"2 minuti\" \/>\n<script type=\"application\/ld+json\" class=\"yoast-schema-graph\">{\"@context\":\"https:\/\/schema.org\",\"@graph\":[{\"@type\":\"WebPage\",\"@id\":\"https:\/\/cursosgeniales.com\/sobre-nosotros\/\",\"url\":\"https:\/\/cursosgeniales.com\/sobre-nosotros\/\",\"name\":\"Sobre Nosotros - Cursos Geniales\",\"isPartOf\":{\"@id\":\"https:\/\/cursosgeniales.com\/#website\"},\"datePublished\":\"2025-03-05T22:48:20+00:00\",\"dateModified\":\"2025-08-18T17:46:14+00:00\",\"breadcrumb\":{\"@id\":\"https:\/\/cursosgeniales.com\/sobre-nosotros\/#breadcrumb\"},\"inLanguage\":\"it-IT\",\"potentialAction\":[{\"@type\":\"ReadAction\",\"target\":[\"https:\/\/cursosgeniales.com\/sobre-nosotros\/\"]}]},{\"@type\":\"BreadcrumbList\",\"@id\":\"https:\/\/cursosgeniales.com\/sobre-nosotros\/#breadcrumb\",\"itemListElement\":[{\"@type\":\"ListItem\",\"position\":1,\"name\":\"Home\",\"item\":\"https:\/\/cursosgeniales.com\/\"},{\"@type\":\"ListItem\",\"position\":2,\"name\":\"Sobre Nosotros\"}]},{\"@type\":\"WebSite\",\"@id\":\"https:\/\/cursosgeniales.com\/#website\",\"url\":\"https:\/\/cursosgeniales.com\/\",\"name\":\"Cursos Geniales\",\"description\":\"\",\"potentialAction\":[{\"@type\":\"SearchAction\",\"target\":{\"@type\":\"EntryPoint\",\"urlTemplate\":\"https:\/\/cursosgeniales.com\/?s={search_term_string}\"},\"query-input\":\"required name=search_term_string\"}],\"inLanguage\":\"it-IT\"}]}<\/script>\n<!-- \/ Yoast SEO plugin. -->","yoast_head_json":{"title":"Sobre Nosotros - Cursos Geniales","robots":{"index":"index","follow":"follow","max-snippet":"max-snippet:-1","max-image-preview":"max-image-preview:large","max-video-preview":"max-video-preview:-1"},"canonical":"https:\/\/cursosgeniales.com\/it\/sobre-nosotros\/","og_locale":"it_IT","og_type":"article","og_title":"Sobre Nosotros - Cursos Geniales","og_description":"\u00a1Descubre el Camino hacia tu \u00c9xito Profesional! En Cursos Geniales, creemos que aprender nuevas habilidades y encontrar oportunidades de trabajo debe ser un proceso accesible, pr\u00e1ctico y eficiente. Ya sea que quieras impulsar tu carrera, cambiar de \u00e1rea o encontrar nuevas fuentes de ingresos, nuestra misi\u00f3n es conectarte con el conocimiento y las mejores oportunidades [&hellip;]","og_url":"https:\/\/cursosgeniales.com\/it\/sobre-nosotros\/","og_site_name":"Cursos Geniales","article_modified_time":"2025-08-18T17:46:14+00:00","twitter_card":"summary_large_image","twitter_misc":{"Est. reading time":"2 minuti"},"schema":{"@context":"https:\/\/schema.org","@graph":[{"@type":"WebPage","@id":"https:\/\/cursosgeniales.com\/sobre-nosotros\/","url":"https:\/\/cursosgeniales.com\/sobre-nosotros\/","name":"Sobre Nosotros - Cursos Geniales","isPartOf":{"@id":"https:\/\/cursosgeniales.com\/#website"},"datePublished":"2025-03-05T22:48:20+00:00","dateModified":"2025-08-18T17:46:14+00:00","breadcrumb":{"@id":"https:\/\/cursosgeniales.com\/sobre-nosotros\/#breadcrumb"},"inLanguage":"it-IT","potentialAction":[{"@type":"ReadAction","target":["https:\/\/cursosgeniales.com\/sobre-nosotros\/"]}]},{"@type":"BreadcrumbList","@id":"https:\/\/cursosgeniales.com\/sobre-nosotros\/#breadcrumb","itemListElement":[{"@type":"ListItem","position":1,"name":"Home","item":"https:\/\/cursosgeniales.com\/"},{"@type":"ListItem","position":2,"name":"Sobre Nosotros"}]},{"@type":"WebSite","@id":"https:\/\/cursosgeniales.com\/#website","url":"https:\/\/cursosgeniales.com\/","name":"Cursos Geniales","description":"","potentialAction":[{"@type":"SearchAction","target":{"@type":"EntryPoint","urlTemplate":"https:\/\/cursosgeniales.com\/?s={search_term_string}"},"query-input":"required name=search_term_string"}],"inLanguage":"it-IT"}]}},"_links":{"self":[{"href":"https:\/\/cursosgeniales.com\/it\/wp-json\/wp\/v2\/pages\/57"}],"collection":[{"href":"https:\/\/cursosgeniales.com\/it\/wp-json\/wp\/v2\/pages"}],"about":[{"href":"https:\/\/cursosgeniales.com\/it\/wp-json\/wp\/v2\/types\/page"}],"author":[{"embeddable":true,"href":"https:\/\/cursosgeniales.com\/it\/wp-json\/wp\/v2\/users\/145"}],"replies":[{"embeddable":true,"href":"https:\/\/cursosgeniales.com\/it\/wp-json\/wp\/v2\/comments?post=57"}],"version-history":[{"count":2,"href":"https:\/\/cursosgeniales.com\/it\/wp-json\/wp\/v2\/pages\/57\/revisions"}],"predecessor-version":[{"id":103,"href":"https:\/\/cursosgeniales.com\/it\/wp-json\/wp\/v2\/pages\/57\/revisions\/103"}],"wp:attachment":[{"href":"https:\/\/cursosgeniales.com\/it\/wp-json\/wp\/v2\/media?parent=57"}],"curies":[{"name":"wp","href":"https:\/\/api.w.org\/{rel}","templated":true}]}}