{"id":57,"date":"2025-03-05T22:48:20","date_gmt":"2025-03-05T22:48:20","guid":{"rendered":"https:\/\/cursosgeniales.com\/?page_id=57"},"modified":"2025-08-18T17:46:14","modified_gmt":"2025-08-18T17:46:14","slug":"sobre-nosotros","status":"publish","type":"page","link":"https:\/\/cursosgeniales.com\/en_au\/sobre-nosotros\/","title":{"rendered":"About Us"},"content":{"rendered":"<h3 class=\"wp-block-heading\">Discover the Path to Professional Success!<\/h3>\n\n\n\n<p>In <strong>Great Courses<\/strong>We believe that learning new skills and finding job opportunities should be accessible, practical, and efficient. Whether you&#039;re looking to boost your career, change fields, or find new sources of income, our mission is to connect you with knowledge and the best opportunities in the market.<\/p>\n\n\n\n<p>We understand that everyone has different goals and challenges when it comes to learning and professional growth. That&#039;s why we offer dynamic courses, valuable information, and practical resources to help you achieve your goals.<\/p>\n\n\n\n<p>Here you&#039;ll find everything from free courses to develop essential skills to more advanced programs, as well as direct connections to job opportunities and freelancers. All this with transparency, flexibility, and support so you can make the best decisions for your future.<\/p>\n\n\n\n<h3 class=\"wp-block-heading\">Who Are We?<\/h3>\n\n\n\n<p><strong>Great Courses<\/strong> is a platform dedicated to transforming lives through education and connecting with the job market. Our team is made up of specialists passionate about teaching and professional development, always looking for the best solutions for those who want to advance their careers without complications.<\/p>\n\n\n\n<p>Our commitment goes beyond offering quality courses. We want to ensure that every student and professional finds the support they need to build a solid path, whether through learning or pursuing new career opportunities.<\/p>\n\n\n\n<h3 class=\"wp-block-heading\">Your Opinion is Very Important!<\/h3>\n\n\n\n<p>Our goal is to provide you with the best possible experience. If you have suggestions, questions, or would like to share your experience with us, please don&#039;t hesitate to contact us. We value your opinion and are always innovating to offer you even more knowledge and opportunities for your professional growth.<\/p>","protected":false},"excerpt":{"rendered":"<p>Discover the Path to Your Professional Success! At Great Courses, we believe that learning new skills and finding job opportunities should be an accessible, practical, and efficient process. Whether you want to boost your career, change fields, or find new sources of income, our mission is to connect you with knowledge and the best opportunities [\u2026]<\/p>","protected":false},"author":145,"featured_media":0,"parent":0,"menu_order":0,"comment_status":"closed","ping_status":"closed","template":"page-nosidebar.php","meta":{"footnotes":""},"yoast_head":"<!-- This site is optimized with the Yoast SEO plugin v23.3 - https:\/\/yoast.com\/wordpress\/plugins\/seo\/ -->\n<title>Sobre Nosotros - Cursos Geniales<\/title>\n<meta name=\"robots\" content=\"index, follow, max-snippet:-1, max-image-preview:large, max-video-preview:-1\" \/>\n<link rel=\"canonical\" href=\"https:\/\/cursosgeniales.com\/en_au\/sobre-nosotros\/\" \/>\n<meta property=\"og:locale\" content=\"en_US\" \/>\n<meta property=\"og:type\" content=\"article\" \/>\n<meta property=\"og:title\" content=\"Sobre Nosotros - Cursos Geniales\" \/>\n<meta property=\"og:description\" content=\"\u00a1Descubre el Camino hacia tu \u00c9xito Profesional! En Cursos Geniales, creemos que aprender nuevas habilidades y encontrar oportunidades de trabajo debe ser un proceso accesible, pr\u00e1ctico y eficiente. Ya sea que quieras impulsar tu carrera, cambiar de \u00e1rea o encontrar nuevas fuentes de ingresos, nuestra misi\u00f3n es conectarte con el conocimiento y las mejores oportunidades [&hellip;]\" \/>\n<meta property=\"og:url\" content=\"https:\/\/cursosgeniales.com\/en_au\/sobre-nosotros\/\" \/>\n<meta property=\"og:site_name\" content=\"Cursos Geniales\" \/>\n<meta property=\"article:modified_time\" content=\"2025-08-18T17:46:14+00:00\" \/>\n<meta name=\"twitter:card\" content=\"summary_large_image\" \/>\n<meta name=\"twitter:label1\" content=\"Est. reading time\" \/>\n\t<meta name=\"twitter:data1\" content=\"2 minutes\" \/>\n<script type=\"application\/ld+json\" class=\"yoast-schema-graph\">{\"@context\":\"https:\/\/schema.org\",\"@graph\":[{\"@type\":\"WebPage\",\"@id\":\"https:\/\/cursosgeniales.com\/sobre-nosotros\/\",\"url\":\"https:\/\/cursosgeniales.com\/sobre-nosotros\/\",\"name\":\"Sobre Nosotros - Cursos Geniales\",\"isPartOf\":{\"@id\":\"https:\/\/cursosgeniales.com\/#website\"},\"datePublished\":\"2025-03-05T22:48:20+00:00\",\"dateModified\":\"2025-08-18T17:46:14+00:00\",\"breadcrumb\":{\"@id\":\"https:\/\/cursosgeniales.com\/sobre-nosotros\/#breadcrumb\"},\"inLanguage\":\"en-AU\",\"potentialAction\":[{\"@type\":\"ReadAction\",\"target\":[\"https:\/\/cursosgeniales.com\/sobre-nosotros\/\"]}]},{\"@type\":\"BreadcrumbList\",\"@id\":\"https:\/\/cursosgeniales.com\/sobre-nosotros\/#breadcrumb\",\"itemListElement\":[{\"@type\":\"ListItem\",\"position\":1,\"name\":\"Home\",\"item\":\"https:\/\/cursosgeniales.com\/\"},{\"@type\":\"ListItem\",\"position\":2,\"name\":\"Sobre Nosotros\"}]},{\"@type\":\"WebSite\",\"@id\":\"https:\/\/cursosgeniales.com\/#website\",\"url\":\"https:\/\/cursosgeniales.com\/\",\"name\":\"Cursos Geniales\",\"description\":\"\",\"potentialAction\":[{\"@type\":\"SearchAction\",\"target\":{\"@type\":\"EntryPoint\",\"urlTemplate\":\"https:\/\/cursosgeniales.com\/?s={search_term_string}\"},\"query-input\":\"required name=search_term_string\"}],\"inLanguage\":\"en-AU\"}]}<\/script>\n<!-- \/ Yoast SEO plugin. -->","yoast_head_json":{"title":"Sobre Nosotros - Cursos Geniales","robots":{"index":"index","follow":"follow","max-snippet":"max-snippet:-1","max-image-preview":"max-image-preview:large","max-video-preview":"max-video-preview:-1"},"canonical":"https:\/\/cursosgeniales.com\/en_au\/sobre-nosotros\/","og_locale":"en_US","og_type":"article","og_title":"Sobre Nosotros - Cursos Geniales","og_description":"\u00a1Descubre el Camino hacia tu \u00c9xito Profesional! En Cursos Geniales, creemos que aprender nuevas habilidades y encontrar oportunidades de trabajo debe ser un proceso accesible, pr\u00e1ctico y eficiente. Ya sea que quieras impulsar tu carrera, cambiar de \u00e1rea o encontrar nuevas fuentes de ingresos, nuestra misi\u00f3n es conectarte con el conocimiento y las mejores oportunidades [&hellip;]","og_url":"https:\/\/cursosgeniales.com\/en_au\/sobre-nosotros\/","og_site_name":"Cursos Geniales","article_modified_time":"2025-08-18T17:46:14+00:00","twitter_card":"summary_large_image","twitter_misc":{"Est. reading time":"2 minutes"},"schema":{"@context":"https:\/\/schema.org","@graph":[{"@type":"WebPage","@id":"https:\/\/cursosgeniales.com\/sobre-nosotros\/","url":"https:\/\/cursosgeniales.com\/sobre-nosotros\/","name":"Sobre Nosotros - Cursos Geniales","isPartOf":{"@id":"https:\/\/cursosgeniales.com\/#website"},"datePublished":"2025-03-05T22:48:20+00:00","dateModified":"2025-08-18T17:46:14+00:00","breadcrumb":{"@id":"https:\/\/cursosgeniales.com\/sobre-nosotros\/#breadcrumb"},"inLanguage":"en-AU","potentialAction":[{"@type":"ReadAction","target":["https:\/\/cursosgeniales.com\/sobre-nosotros\/"]}]},{"@type":"BreadcrumbList","@id":"https:\/\/cursosgeniales.com\/sobre-nosotros\/#breadcrumb","itemListElement":[{"@type":"ListItem","position":1,"name":"Home","item":"https:\/\/cursosgeniales.com\/"},{"@type":"ListItem","position":2,"name":"Sobre Nosotros"}]},{"@type":"WebSite","@id":"https:\/\/cursosgeniales.com\/#website","url":"https:\/\/cursosgeniales.com\/","name":"Cursos Geniales","description":"","potentialAction":[{"@type":"SearchAction","target":{"@type":"EntryPoint","urlTemplate":"https:\/\/cursosgeniales.com\/?s={search_term_string}"},"query-input":"required name=search_term_string"}],"inLanguage":"en-AU"}]}},"_links":{"self":[{"href":"https:\/\/cursosgeniales.com\/en_au\/wp-json\/wp\/v2\/pages\/57"}],"collection":[{"href":"https:\/\/cursosgeniales.com\/en_au\/wp-json\/wp\/v2\/pages"}],"about":[{"href":"https:\/\/cursosgeniales.com\/en_au\/wp-json\/wp\/v2\/types\/page"}],"author":[{"embeddable":true,"href":"https:\/\/cursosgeniales.com\/en_au\/wp-json\/wp\/v2\/users\/145"}],"replies":[{"embeddable":true,"href":"https:\/\/cursosgeniales.com\/en_au\/wp-json\/wp\/v2\/comments?post=57"}],"version-history":[{"count":2,"href":"https:\/\/cursosgeniales.com\/en_au\/wp-json\/wp\/v2\/pages\/57\/revisions"}],"predecessor-version":[{"id":103,"href":"https:\/\/cursosgeniales.com\/en_au\/wp-json\/wp\/v2\/pages\/57\/revisions\/103"}],"wp:attachment":[{"href":"https:\/\/cursosgeniales.com\/en_au\/wp-json\/wp\/v2\/media?parent=57"}],"curies":[{"name":"wp","href":"https:\/\/api.w.org\/{rel}","templated":true}]}}